
{"id":7542,"date":"2021-09-17T19:21:58","date_gmt":"2021-09-17T09:21:58","guid":{"rendered":"https:\/\/ucanstorept.r6d.dev\/material-de-embalagem\/"},"modified":"2024-10-09T15:05:05","modified_gmt":"2024-10-09T05:05:05","slug":"material-de-embalagem","status":"publish","type":"page","link":"https:\/\/ucanstorept.r6d.dev\/pt-pt\/material-de-embalagem\/","title":{"rendered":"Material de embalagem"},"content":{"rendered":"<p><div class=\"fusion-fullwidth fullwidth-box fusion-builder-row-1 fusion-flex-container fusion-parallax-none banner_path_section main_location_heading nonhundred-percent-fullwidth non-hundred-percent-height-scrolling\" style=\"background-color: rgba(0,0,0,0.41);background-image: url(&quot;https:\/\/ucanstorept.r6d.dev\/wp-content\/uploads\/2021\/09\/packaging-tips.jpg&quot;);background-position: center center;background-repeat: no-repeat;background-blend-mode: multiply;border-width: 0px 0px 0px 0px;border-color:#e2e2e2;border-style:solid;-webkit-background-size:cover;-moz-background-size:cover;-o-background-size:cover;background-size:cover;\" ><div class=\"fusion-builder-row fusion-row fusion-flex-align-items-flex-start fusion-flex-align-content-flex-start\" style=\"max-width:calc( 1200px + 0px );margin-left: calc(-0px \/ 2 );margin-right: calc(-0px \/ 2 );\"><div class=\"fusion-layout-column fusion_builder_column fusion-builder-column-0 fusion_builder_column_1_1 1_1 fusion-flex-column fusion-flex-align-self-center main-title-col\"><div class=\"fusion-column-wrapper fusion-flex-justify-content-flex-start fusion-content-layout-column\" style=\"background-position:left top;background-repeat:no-repeat;-webkit-background-size:cover;-moz-background-size:cover;-o-background-size:cover;background-size:cover;padding: 0px 0px 0px 0px;\"><div class=\"fusion-builder-row fusion-builder-row-inner fusion-row fusion-flex-align-items-flex-start fusion-flex-align-content-flex-start\" style=\"width:calc( 100% + 0px ) !important;max-width:calc( 100% + 0px ) !important;margin-left: calc(-0px \/ 2 );margin-right: calc(-0px \/ 2 );\"><div class=\"fusion-layout-column fusion_builder_column_inner fusion-builder-nested-column-0 fusion-flex-column\"><div class=\"fusion-column-wrapper fusion-flex-justify-content-flex-start fusion-content-layout-column\" style=\"background-position:left top;background-repeat:no-repeat;-webkit-background-size:cover;-moz-background-size:cover;-o-background-size:cover;background-size:cover;padding: 0px 0px 0px 0px;\"><div ><span class=\" fusion-imageframe imageframe-none imageframe-1 hover-type-none\" style=\"max-width:70px;\"><img decoding=\"async\" width=\"97\" height=\"97\" title=\"Group 3320\" src=\"https:\/\/ucanstorept.r6d.dev\/wp-content\/uploads\/2021\/12\/Group-3320.svg\" class=\"img-responsive wp-image-7352\"\/><\/span><\/div><\/div><style type=\"text\/css\">.fusion-body .fusion-builder-nested-column-0{width: auto;margin-top : 0px;margin-bottom : 0px;}.fusion-builder-nested-column-0 > .fusion-column-wrapper {padding-top : 0px !important;padding-right : 0px !important;margin-right : 12px;padding-bottom : 0px !important;padding-left : 0px !important;margin-left : 0;}@media only screen and (max-width:1024px) {.fusion-body .fusion-builder-nested-column-0{width: auto;order : 0;}.fusion-builder-nested-column-0 > .fusion-column-wrapper {margin-right : 12px;margin-left : 0;}}@media only screen and (max-width:767px) {.fusion-body .fusion-builder-nested-column-0{width:100% !important;order : 0;margin-bottom : 15px;}.fusion-builder-nested-column-0 > .fusion-column-wrapper {margin-right : 0;margin-left : 0;}}<\/style><\/div><div class=\"fusion-layout-column fusion_builder_column_inner fusion-builder-nested-column-1 fusion-flex-column flex-1\"><div class=\"fusion-column-wrapper fusion-flex-justify-content-flex-start fusion-content-layout-column\" style=\"background-position:left top;background-repeat:no-repeat;-webkit-background-size:cover;-moz-background-size:cover;-o-background-size:cover;background-size:cover;padding: 0px 0px 0px 0px;\"><style type=\"text\/css\">@media only screen and (max-width:1024px) {.fusion-title.fusion-title-1{margin-top:0px!important;margin-right:!important;margin-bottom:0px!important; margin-left:!important;}}@media only screen and (max-width:767px) {.fusion-title.fusion-title-1{margin-top:0px!important; margin-right:0px!important;margin-bottom:0px!important; margin-left:0px!important;}}<\/style><div class=\"fusion-title title fusion-title-1 fusion-sep-none fusion-title-text fusion-title-size-one\" style=\"font-size:55px;margin-top:0px;margin-right:0px;margin-bottom:0px;margin-left:0px;\"><h1 class=\"title-heading-left\" style=\"font-family:&quot;MuseoSans-700&quot;;font-weight:400;margin:0;font-size:1em;color:#ffffff;\">Material de embalagem<\/h1><\/div><\/div><style type=\"text\/css\">.fusion-body .fusion-builder-nested-column-1{width: auto;margin-top : 0px;margin-bottom : 0px;}.fusion-builder-nested-column-1 > .fusion-column-wrapper {padding-top : 0px !important;padding-right : 0px !important;margin-right : 0;padding-bottom : 0px !important;padding-left : 0px !important;margin-left : 0;}@media only screen and (max-width:1024px) {.fusion-body .fusion-builder-nested-column-1{width: auto;order : 0;}.fusion-builder-nested-column-1 > .fusion-column-wrapper {margin-right : 0;margin-left : 0;}}@media only screen and (max-width:767px) {.fusion-body .fusion-builder-nested-column-1{width:100% !important;order : 0;}.fusion-builder-nested-column-1 > .fusion-column-wrapper {margin-right : 0;margin-left : 0;}}<\/style><\/div><\/div><\/div><style type=\"text\/css\">.fusion-body .fusion-builder-column-0{width:100% !important;margin-top : 240px;margin-bottom : 15px;}.fusion-builder-column-0 > .fusion-column-wrapper {padding-top : 0px !important;padding-right : 0px !important;margin-right : 0;padding-bottom : 0px !important;padding-left : 0px !important;margin-left : 0;}@media only screen and (max-width:1024px) {.fusion-body .fusion-builder-column-0{width:100% !important;order : 0;margin-top : 230px;}.fusion-builder-column-0 > .fusion-column-wrapper {margin-right : 0;margin-left : 0;}}@media only screen and (max-width:767px) {.fusion-body .fusion-builder-column-0{width:100% !important;order : 0;margin-top : 0px;}.fusion-builder-column-0 > .fusion-column-wrapper {margin-right : 0;margin-left : 0;}}<\/style><\/div><div class=\"fusion-layout-column fusion_builder_column fusion-builder-column-1 fusion_builder_column_3_5 3_5 fusion-flex-column\"><div class=\"fusion-column-wrapper fusion-flex-justify-content-flex-start fusion-content-layout-column\" style=\"background-position:left top;background-repeat:no-repeat;-webkit-background-size:cover;-moz-background-size:cover;-o-background-size:cover;background-size:cover;padding: 0px 0px 0px 0px;\"><div class=\"fusion-text fusion-text-1 work_content\" style=\"font-size:18px;line-height:37px;color:#ffffff;font-family:&quot;MuseoSans-500&quot;;font-weight:400;margin-top:0px;\"><p>Seleciona o local mais pr\u00f3ximo de ti no menu abaixo para come\u00e7ar.<\/p>\n<\/div><\/div><style type=\"text\/css\">.fusion-body .fusion-builder-column-1{width:60% !important;margin-top : 0px;margin-bottom : 20px;}.fusion-builder-column-1 > .fusion-column-wrapper {padding-top : 0px !important;padding-right : 0px !important;margin-right : 0;padding-bottom : 0px !important;padding-left : 0px !important;margin-left : 0;}@media only screen and (max-width:1024px) {.fusion-body .fusion-builder-column-1{width:80% !important;order : 0;}.fusion-builder-column-1 > .fusion-column-wrapper {margin-right : 0;margin-left : 0;}}@media only screen and (max-width:767px) {.fusion-body .fusion-builder-column-1{width:100% !important;order : 0;}.fusion-builder-column-1 > .fusion-column-wrapper {margin-right : 0;margin-left : 0;}}<\/style><\/div><div class=\"fusion-layout-column fusion_builder_column fusion-builder-column-2 fusion_builder_column_1_1 1_1 fusion-flex-column\"><div class=\"fusion-column-wrapper fusion-flex-justify-content-flex-start fusion-content-layout-column\" style=\"background-position:left top;background-repeat:no-repeat;-webkit-background-size:cover;-moz-background-size:cover;-o-background-size:cover;background-size:cover;padding: 0px 0px 0px 0px;\"><div class=\"fusion-builder-row fusion-builder-row-inner fusion-row fusion-flex-align-items-flex-start fusion-flex-align-content-flex-start\" style=\"width:calc( 100% + 0px ) !important;max-width:calc( 100% + 0px ) !important;margin-left: calc(-0px \/ 2 );margin-right: calc(-0px \/ 2 );\"><div class=\"fusion-layout-column fusion_builder_column_inner fusion-builder-nested-column-2 fusion_builder_column_inner_1_5 1_5 fusion-flex-column packing_supplies_block\"><div class=\"fusion-column-wrapper fusion-flex-justify-content-flex-start fusion-content-layout-column\" style=\"background-position:left top;background-repeat:no-repeat;-webkit-background-size:cover;-moz-background-size:cover;-o-background-size:cover;background-size:cover;padding: 0px 0px 0px 0px;\">    \n    <form id=\"location_form\">\n      <select id=\"locations\" name=\"locations\">\n              <\/select>\n    <\/form>\n    \n    <\/div><style type=\"text\/css\">.fusion-body .fusion-builder-nested-column-2{width:20% !important;margin-top : 0px;margin-bottom : 0px;}.fusion-builder-nested-column-2 > .fusion-column-wrapper {padding-top : 0px !important;padding-right : 0px !important;margin-right : 0;padding-bottom : 0px !important;padding-left : 0px !important;margin-left : 0;}@media only screen and (max-width:1024px) {.fusion-body .fusion-builder-nested-column-2{width:20% !important;order : 0;}.fusion-builder-nested-column-2 > .fusion-column-wrapper {margin-right : 0;margin-left : 0;}}@media only screen and (max-width:767px) {.fusion-body .fusion-builder-nested-column-2{width:100% !important;order : 0;margin-bottom : 0px;}.fusion-builder-nested-column-2 > .fusion-column-wrapper {margin-right : 0;margin-left : 0;}}<\/style><\/div><div class=\"fusion-layout-column fusion_builder_column_inner fusion-builder-nested-column-3 fusion_builder_column_inner_1_4 1_4 fusion-flex-column fusion-flex-align-self-center location_image_wrapper\"><div class=\"fusion-column-wrapper fusion-flex-justify-content-flex-start fusion-content-layout-row fusion-flex-align-items-center\" style=\"background-position:left top;background-repeat:no-repeat;-webkit-background-size:cover;-moz-background-size:cover;-o-background-size:cover;background-size:cover;padding: 0px 0px 0px 15px;\"><div ><span class=\" fusion-imageframe imageframe-none imageframe-2 hover-type-none location_image\" style=\"margin-right:12px;\"><img decoding=\"async\" width=\"24\" height=\"36\" title=\"Subtraction 1\" src=\"https:\/\/ucanstorept.r6d.dev\/wp-content\/uploads\/2021\/12\/Subtraction-1.svg\" class=\"img-responsive wp-image-7363\"\/><\/span><\/div><div class=\"fusion-text fusion-text-2 fusion-text-no-margin myDivtext\" style=\"font-size:20px;line-height:24px;color:#32689b;font-family:&quot;MuseoSans-700&quot;;font-weight:400;\" id=\"displaysandton\"><p>U CAN STORE<\/p>\n<\/div><\/div><style type=\"text\/css\">.fusion-body .fusion-builder-nested-column-3{width:25% !important;margin-top : 0px;margin-bottom : 0px;}.fusion-builder-nested-column-3 > .fusion-column-wrapper {padding-top : 0px !important;padding-right : 0px !important;margin-right : 0;padding-bottom : 0px !important;padding-left : 15px !important;margin-left : 0;}@media only screen and (max-width:1024px) {.fusion-body .fusion-builder-nested-column-3{width:25% !important;order : 0;}.fusion-builder-nested-column-3 > .fusion-column-wrapper {margin-right : 0;margin-left : 0;}}@media only screen and (max-width:767px) {.fusion-body .fusion-builder-nested-column-3{width:100% !important;order : 0;}.fusion-builder-nested-column-3 > .fusion-column-wrapper {margin-right : 15px;margin-left : 15px;}}<\/style><\/div><div class=\"fusion-layout-column fusion_builder_column_inner fusion-builder-nested-column-4 fusion-flex-column fusion-flex-align-self-center\"><div class=\"fusion-column-wrapper fusion-flex-justify-content-center fusion-content-layout-column\" style=\"background-position:left top;background-repeat:no-repeat;-webkit-background-size:cover;-moz-background-size:cover;-o-background-size:cover;background-size:cover;padding: 0px 0px 0px 0px;\"><div style=\"text-align:center;\"><style type=\"text\/css\">.fusion-button.button-1 {border-radius:10px;}<\/style><a class=\"fusion-button button-flat fusion-button-default-size button-default button-1 fusion-button-default-span fusion-button-default-type\" target=\"_self\" href=\"tel:082 521 5866\" id=\"buttonsandton\"><span class=\"fusion-button-text\">liga-nos agora<\/span><\/a><\/div><\/div><style type=\"text\/css\">.fusion-body .fusion-builder-nested-column-4{width: auto;margin-top : 0px;margin-bottom : 0px;}.fusion-builder-nested-column-4 > .fusion-column-wrapper {padding-top : 0px !important;padding-right : 0px !important;margin-right : 0;padding-bottom : 0px !important;padding-left : 0px !important;margin-left : 0;}@media only screen and (max-width:1024px) {.fusion-body .fusion-builder-nested-column-4{width: auto;order : 0;}.fusion-builder-nested-column-4 > .fusion-column-wrapper {margin-right : 0;margin-left : 0;}}@media only screen and (max-width:767px) {.fusion-body .fusion-builder-nested-column-4{width:100% !important;order : 0;}.fusion-builder-nested-column-4 > .fusion-column-wrapper {margin-right : 15px;margin-left : 15px;}}<\/style><\/div><\/div><\/div><style type=\"text\/css\">.fusion-body .fusion-builder-column-2{width:100% !important;margin-top : 0px;margin-bottom : 0px;}.fusion-builder-column-2 > .fusion-column-wrapper {padding-top : 0px !important;padding-right : 0px !important;margin-right : 0;padding-bottom : 0px !important;padding-left : 0px !important;margin-left : 0;}@media only screen and (max-width:1024px) {.fusion-body .fusion-builder-column-2{width:100% !important;order : 0;}.fusion-builder-column-2 > .fusion-column-wrapper {margin-right : 0;margin-left : 0;}}@media only screen and (max-width:767px) {.fusion-body .fusion-builder-column-2{width:100% !important;order : 0;}.fusion-builder-column-2 > .fusion-column-wrapper {margin-right : 0;margin-left : 0;}}<\/style><\/div><\/div><style type=\"text\/css\">.fusion-body .fusion-flex-container.fusion-builder-row-1{ padding-top : 0px;margin-top : 0px;padding-right : 0px;padding-bottom : 60px;margin-bottom : 0px;padding-left : 0px;}<\/style><\/div><div class=\"fusion-fullwidth fullwidth-box fusion-builder-row-2 fusion-flex-container location_storage_text nonhundred-percent-fullwidth non-hundred-percent-height-scrolling\" style=\"background-color: rgba(255,255,255,0);background-position: center center;background-repeat: no-repeat;border-width: 0px 0px 0px 0px;border-color:#e2e2e2;border-style:solid;\" ><div class=\"fusion-builder-row fusion-row fusion-flex-align-items-flex-start\" style=\"max-width:1248px;margin-left: calc(-4% \/ 2 );margin-right: calc(-4% \/ 2 );\"><div class=\"fusion-layout-column fusion_builder_column fusion-builder-column-3 fusion_builder_column_1_1 1_1 fusion-flex-column\"><div class=\"fusion-column-wrapper fusion-flex-justify-content-flex-start fusion-content-layout-column\" style=\"background-position:left top;background-repeat:no-repeat;-webkit-background-size:cover;-moz-background-size:cover;-o-background-size:cover;background-size:cover;padding: 0px 0px 0px 0px;\"><div class=\"fusion-builder-row fusion-builder-row-inner fusion-row fusion-flex-align-items-flex-start\" style=\"width:104% !important;max-width:104% !important;margin-left: calc(-4% \/ 2 );margin-right: calc(-4% \/ 2 );\"><div class=\"fusion-layout-column fusion_builder_column_inner fusion-builder-nested-column-5 fusion_builder_column_inner_2_5 2_5 fusion-flex-column right_storage\"><div class=\"fusion-column-wrapper fusion-flex-justify-content-flex-start fusion-content-layout-column\" style=\"background-position:left top;background-repeat:no-repeat;-webkit-background-size:cover;-moz-background-size:cover;-o-background-size:cover;background-size:cover;padding: 0px 0px 0px 0px;\"><style type=\"text\/css\">@media only screen and (max-width:1024px) {.fusion-title.fusion-title-2{margin-top:0px!important; margin-right:0px!important;margin-bottom:0px!important;margin-left:0px!important;}}@media only screen and (max-width:767px) {.fusion-title.fusion-title-2{margin-top:10px!important; margin-right:0px!important;margin-bottom:10px!important; margin-left:0px!important;}}<\/style><div class=\"fusion-title title fusion-title-2 fusion-sep-none fusion-title-text fusion-title-size-two storage_heading\" style=\"font-size:38px;margin-top:0px;margin-right:0px;margin-bottom:0px;margin-left:0px;\"><h2 class=\"title-heading-left\" style=\"font-family:&quot;MuseoSans-700&quot;;font-weight:400;margin:0;font-size:1em;color:#575757;line-height:45px;\">Vamos ajudar-te a encontrar a op\u00e7\u00e3o de armazenamento certa<\/h2><\/div><div class=\"fusion-text fusion-text-3 fusion-text-no-margin storage_content\" style=\"font-size:20px;margin-top:20px;margin-bottom:10px;\"><p>As nossas unidades de armazenamento v\u00e3o desde pequenos espa\u00e7os a garagens fechadas. Utiliza o nosso pr\u00e1tico guia de tamanhos ou entra em contacto com a nossa simp\u00e1tica equipa para encontrares a tua solu\u00e7\u00e3o perfeita.<\/p>\n<\/div><div ><style type=\"text\/css\">.fusion-button.button-2 {border-radius:10px;}<\/style><a class=\"fusion-button button-flat fusion-button-default-size button-default button-2 fusion-button-default-span fusion-button-default-type\" target=\"_self\" href=\"https:\/\/ucanstorept.r6d.dev\/pt-pt\/?page_id=7520\" style=\"margin-top:20px;\"><span class=\"fusion-button-text\">GUIA DE TAMANHOS<\/span><\/a><\/div><\/div><style type=\"text\/css\">.fusion-body .fusion-builder-nested-column-5{width:40% !important;margin-top : 0px;margin-bottom : 0px;}.fusion-builder-nested-column-5 > .fusion-column-wrapper {padding-top : 0px !important;padding-right : 0px !important;margin-right : 4.8%;padding-bottom : 0px !important;padding-left : 0px !important;margin-left : 4.8%;}@media only screen and (max-width:1024px) {.fusion-body .fusion-builder-nested-column-5{width:40% !important;order : 0;}.fusion-builder-nested-column-5 > .fusion-column-wrapper {padding-right : 0px !important;margin-right : 0%;margin-left : 4.8%;}}@media only screen and (max-width:767px) {.fusion-body .fusion-builder-nested-column-5{width:100% !important;order : 1;}.fusion-builder-nested-column-5 > .fusion-column-wrapper {margin-right : 1.92%;margin-left : 1.92%;}}<\/style><\/div><div class=\"fusion-layout-column fusion_builder_column_inner fusion-builder-nested-column-6 fusion_builder_column_inner_3_5 3_5 fusion-flex-column\"><div class=\"fusion-column-wrapper fusion-flex-justify-content-flex-start fusion-content-layout-column\" style=\"background-position:left top;background-repeat:no-repeat;-webkit-background-size:cover;-moz-background-size:cover;-o-background-size:cover;background-size:cover;padding: 0px 0px 0px 0px;\"><div style=\"text-align:center;\"><span class=\" fusion-imageframe imageframe-none imageframe-3 hover-type-none measurement_image\"><img decoding=\"async\" width=\"788\" height=\"480\" title=\"measurement\" src=\"https:\/\/ucanstorept.r6d.dev\/wp-content\/uploads\/2021\/09\/measurement.jpg\" class=\"img-responsive wp-image-7110\" srcset=\"https:\/\/ucanstorept.r6d.dev\/wp-content\/uploads\/2021\/09\/measurement-200x122.jpg 200w, https:\/\/ucanstorept.r6d.dev\/wp-content\/uploads\/2021\/09\/measurement-400x244.jpg 400w, https:\/\/ucanstorept.r6d.dev\/wp-content\/uploads\/2021\/09\/measurement-600x365.jpg 600w, https:\/\/ucanstorept.r6d.dev\/wp-content\/uploads\/2021\/09\/measurement.jpg 788w\" sizes=\"(max-width: 767px) 100vw, 788px\" \/><\/span><\/div><\/div><style type=\"text\/css\">.fusion-body .fusion-builder-nested-column-6{width:60% !important;margin-top : 0px;margin-bottom : 0px;}.fusion-builder-nested-column-6 > .fusion-column-wrapper {padding-top : 0px !important;padding-right : 0px !important;margin-right : 3.2%;padding-bottom : 0px !important;padding-left : 0px !important;margin-left : 3.2%;}@media only screen and (max-width:1024px) {.fusion-body .fusion-builder-nested-column-6{width:50% !important;order : 0;}.fusion-builder-nested-column-6 > .fusion-column-wrapper {margin-right : 3.84%;padding-left : 0px !important;margin-left : 5.952%;}}@media only screen and (max-width:767px) {.fusion-body .fusion-builder-nested-column-6{width:100% !important;order : 0;}.fusion-builder-nested-column-6 > .fusion-column-wrapper {margin-right : 1.92%;margin-left : 1.92%;}}<\/style><\/div><\/div><\/div><style type=\"text\/css\">.fusion-body .fusion-builder-column-3{width:100% !important;margin-top : 0px;margin-bottom : 0px;}.fusion-builder-column-3 > .fusion-column-wrapper {padding-top : 0px !important;padding-right : 0px !important;margin-right : 1.92%;padding-bottom : 0px !important;padding-left : 0px !important;margin-left : 1.92%;}@media only screen and (max-width:1024px) {.fusion-body .fusion-builder-column-3{width:100% !important;order : 0;}.fusion-builder-column-3 > .fusion-column-wrapper {margin-right : 1.92%;margin-left : 1.92%;}}@media only screen and (max-width:767px) {.fusion-body .fusion-builder-column-3{width:100% !important;order : 1;}.fusion-builder-column-3 > .fusion-column-wrapper {margin-right : 1.92%;margin-left : 1.92%;}}<\/style><\/div><\/div><style type=\"text\/css\">.fusion-body .fusion-flex-container.fusion-builder-row-2{ padding-top : 0px;margin-top : 60px;padding-right : 0px;padding-bottom : 0px;margin-bottom : 60px;padding-left : 0px;}@media only screen and (max-width:1024px) {.fusion-body .fusion-flex-container.fusion-builder-row-2{ margin-top : 50px;margin-bottom : 50px;}}@media only screen and (max-width:767px) {.fusion-body .fusion-flex-container.fusion-builder-row-2{ margin-top : 50px;padding-right : 20px;margin-bottom : 50px;padding-left : 20px;}}<\/style><\/div>\n<\/p>\n","protected":false},"excerpt":{"rendered":"","protected":false},"author":29,"featured_media":0,"parent":0,"menu_order":0,"comment_status":"closed","ping_status":"closed","template":"100-width.php","meta":{"content-type":"","footnotes":""},"class_list":["post-7542","page","type-page","status-publish","hentry"],"acf":[],"yoast_head":"<!-- This site is optimized with the Yoast SEO plugin v27.3 - https:\/\/yoast.com\/product\/yoast-seo-wordpress\/ -->\n<title>Material de embalagem - U Can Store<\/title>\n<meta name=\"robots\" content=\"noindex, follow, max-snippet:-1, max-image-preview:large, max-video-preview:-1\" \/>\n<meta property=\"og:locale\" content=\"pt_PT\" \/>\n<meta property=\"og:type\" content=\"article\" \/>\n<meta property=\"og:title\" content=\"Material de embalagem - U Can Store\" \/>\n<meta property=\"og:url\" content=\"https:\/\/ucanstorept.r6d.dev\/pt-pt\/material-de-embalagem\/\" \/>\n<meta property=\"og:site_name\" content=\"U Can Store\" \/>\n<meta property=\"article:modified_time\" content=\"2024-10-09T05:05:05+00:00\" \/>\n<meta name=\"twitter:card\" content=\"summary_large_image\" \/>\n<meta name=\"twitter:label1\" content=\"Tempo estimado de leitura\" \/>\n\t<meta name=\"twitter:data1\" content=\"16 minutos\" \/>\n<script type=\"application\/ld+json\" class=\"yoast-schema-graph\">{\"@context\":\"https:\\\/\\\/schema.org\",\"@graph\":[{\"@type\":\"WebPage\",\"@id\":\"https:\\\/\\\/ucanstorept.r6d.dev\\\/pt-pt\\\/material-de-embalagem\\\/\",\"url\":\"https:\\\/\\\/ucanstorept.r6d.dev\\\/pt-pt\\\/material-de-embalagem\\\/\",\"name\":\"Material de embalagem - U Can Store\",\"isPartOf\":{\"@id\":\"https:\\\/\\\/ucanstorept.r6d.dev\\\/pt-pt\\\/#website\"},\"datePublished\":\"2021-09-17T09:21:58+00:00\",\"dateModified\":\"2024-10-09T05:05:05+00:00\",\"breadcrumb\":{\"@id\":\"https:\\\/\\\/ucanstorept.r6d.dev\\\/pt-pt\\\/material-de-embalagem\\\/#breadcrumb\"},\"inLanguage\":\"pt-PT\",\"potentialAction\":[{\"@type\":\"ReadAction\",\"target\":[\"https:\\\/\\\/ucanstorept.r6d.dev\\\/pt-pt\\\/material-de-embalagem\\\/\"]}]},{\"@type\":\"BreadcrumbList\",\"@id\":\"https:\\\/\\\/ucanstorept.r6d.dev\\\/pt-pt\\\/material-de-embalagem\\\/#breadcrumb\",\"itemListElement\":[{\"@type\":\"ListItem\",\"position\":1,\"name\":\"Home\",\"item\":\"https:\\\/\\\/ucanstorept.r6d.dev\\\/pt-pt\\\/\"},{\"@type\":\"ListItem\",\"position\":2,\"name\":\"Material de embalagem\"}]},{\"@type\":\"WebSite\",\"@id\":\"https:\\\/\\\/ucanstorept.r6d.dev\\\/pt-pt\\\/#website\",\"url\":\"https:\\\/\\\/ucanstorept.r6d.dev\\\/pt-pt\\\/\",\"name\":\"U Can Store\",\"description\":\"Just another WordPress site\",\"potentialAction\":[{\"@type\":\"SearchAction\",\"target\":{\"@type\":\"EntryPoint\",\"urlTemplate\":\"https:\\\/\\\/ucanstorept.r6d.dev\\\/pt-pt\\\/?s={search_term_string}\"},\"query-input\":{\"@type\":\"PropertyValueSpecification\",\"valueRequired\":true,\"valueName\":\"search_term_string\"}}],\"inLanguage\":\"pt-PT\"}]}<\/script>\n<!-- \/ Yoast SEO plugin. -->","yoast_head_json":{"title":"Material de embalagem - U Can Store","robots":{"index":"noindex","follow":"follow","max-snippet":"max-snippet:-1","max-image-preview":"max-image-preview:large","max-video-preview":"max-video-preview:-1"},"og_locale":"pt_PT","og_type":"article","og_title":"Material de embalagem - U Can Store","og_url":"https:\/\/ucanstorept.r6d.dev\/pt-pt\/material-de-embalagem\/","og_site_name":"U Can Store","article_modified_time":"2024-10-09T05:05:05+00:00","twitter_card":"summary_large_image","twitter_misc":{"Tempo estimado de leitura":"16 minutos"},"schema":{"@context":"https:\/\/schema.org","@graph":[{"@type":"WebPage","@id":"https:\/\/ucanstorept.r6d.dev\/pt-pt\/material-de-embalagem\/","url":"https:\/\/ucanstorept.r6d.dev\/pt-pt\/material-de-embalagem\/","name":"Material de embalagem - U Can Store","isPartOf":{"@id":"https:\/\/ucanstorept.r6d.dev\/pt-pt\/#website"},"datePublished":"2021-09-17T09:21:58+00:00","dateModified":"2024-10-09T05:05:05+00:00","breadcrumb":{"@id":"https:\/\/ucanstorept.r6d.dev\/pt-pt\/material-de-embalagem\/#breadcrumb"},"inLanguage":"pt-PT","potentialAction":[{"@type":"ReadAction","target":["https:\/\/ucanstorept.r6d.dev\/pt-pt\/material-de-embalagem\/"]}]},{"@type":"BreadcrumbList","@id":"https:\/\/ucanstorept.r6d.dev\/pt-pt\/material-de-embalagem\/#breadcrumb","itemListElement":[{"@type":"ListItem","position":1,"name":"Home","item":"https:\/\/ucanstorept.r6d.dev\/pt-pt\/"},{"@type":"ListItem","position":2,"name":"Material de embalagem"}]},{"@type":"WebSite","@id":"https:\/\/ucanstorept.r6d.dev\/pt-pt\/#website","url":"https:\/\/ucanstorept.r6d.dev\/pt-pt\/","name":"U Can Store","description":"Just another WordPress site","potentialAction":[{"@type":"SearchAction","target":{"@type":"EntryPoint","urlTemplate":"https:\/\/ucanstorept.r6d.dev\/pt-pt\/?s={search_term_string}"},"query-input":{"@type":"PropertyValueSpecification","valueRequired":true,"valueName":"search_term_string"}}],"inLanguage":"pt-PT"}]}},"_links":{"self":[{"href":"https:\/\/ucanstorept.r6d.dev\/pt-pt\/wp-json\/wp\/v2\/pages\/7542","targetHints":{"allow":["GET"]}}],"collection":[{"href":"https:\/\/ucanstorept.r6d.dev\/pt-pt\/wp-json\/wp\/v2\/pages"}],"about":[{"href":"https:\/\/ucanstorept.r6d.dev\/pt-pt\/wp-json\/wp\/v2\/types\/page"}],"author":[{"embeddable":true,"href":"https:\/\/ucanstorept.r6d.dev\/pt-pt\/wp-json\/wp\/v2\/users\/29"}],"replies":[{"embeddable":true,"href":"https:\/\/ucanstorept.r6d.dev\/pt-pt\/wp-json\/wp\/v2\/comments?post=7542"}],"version-history":[{"count":3,"href":"https:\/\/ucanstorept.r6d.dev\/pt-pt\/wp-json\/wp\/v2\/pages\/7542\/revisions"}],"predecessor-version":[{"id":7548,"href":"https:\/\/ucanstorept.r6d.dev\/pt-pt\/wp-json\/wp\/v2\/pages\/7542\/revisions\/7548"}],"wp:attachment":[{"href":"https:\/\/ucanstorept.r6d.dev\/pt-pt\/wp-json\/wp\/v2\/media?parent=7542"}],"curies":[{"name":"wp","href":"https:\/\/api.w.org\/{rel}","templated":true}]}}