
{"id":7589,"date":"2021-11-16T15:02:54","date_gmt":"2021-11-16T05:02:54","guid":{"rendered":"https:\/\/ucanstorept.r6d.dev\/termos-e-condicoes\/"},"modified":"2024-10-09T15:05:18","modified_gmt":"2024-10-09T05:05:18","slug":"termos-e-condicoes","status":"publish","type":"page","link":"https:\/\/ucanstorept.r6d.dev\/pt-pt\/termos-e-condicoes\/","title":{"rendered":"Termos e condi\u00e7\u00f5es"},"content":{"rendered":"<p><div class=\"fusion-fullwidth fullwidth-box fusion-builder-row-1 fusion-flex-container terms-banner about_banner_section main_banner_section nonhundred-percent-fullwidth non-hundred-percent-height-scrolling\" style=\"background-color: #32689b;background-position: left center;background-repeat: no-repeat;background-blend-mode: multiply;border-width: 0px 0px 0px 0px;border-color:#e2e2e2;border-style:solid;\" ><div class=\"fusion-builder-row fusion-row fusion-flex-align-items-flex-start fusion-flex-align-content-flex-start\" style=\"max-width:1248px;margin-left: calc(-4% \/ 2 );margin-right: calc(-4% \/ 2 );\"><div class=\"fusion-layout-column fusion_builder_column fusion-builder-column-0 fusion_builder_column_1_1 1_1 fusion-flex-column terms-mobile-banner mobile_image_banner\"><div class=\"fusion-column-wrapper fusion-flex-justify-content-flex-start fusion-content-layout-column\" style=\"background-position:left top;background-repeat:no-repeat;-webkit-background-size:cover;-moz-background-size:cover;-o-background-size:cover;background-size:cover;padding: 0px 0px 0px 0px;\"><\/div><style type=\"text\/css\">.fusion-body .fusion-builder-column-0{width:100% !important;margin-top : 0px;margin-bottom : 0px;}.fusion-builder-column-0 > .fusion-column-wrapper {padding-top : 0px !important;padding-right : 0px !important;margin-right : 1.92%;padding-bottom : 0px !important;padding-left : 0px !important;margin-left : 1.92%;}@media only screen and (max-width:1024px) {.fusion-body .fusion-builder-column-0{width:100% !important;order : 0;}.fusion-builder-column-0 > .fusion-column-wrapper {margin-right : 1.92%;margin-left : 1.92%;}}@media only screen and (max-width:767px) {.fusion-body .fusion-builder-column-0{width:100% !important;order : 0;}.fusion-builder-column-0 > .fusion-column-wrapper {padding-right : 0px !important;margin-right : 1.92%;padding-left : 0px !important;margin-left : 1.92%;}}<\/style><\/div><div class=\"fusion-layout-column fusion_builder_column fusion-builder-column-1 fusion_builder_column_1_2 1_2 fusion-flex-column terms-page-title\"><div class=\"fusion-column-wrapper fusion-flex-justify-content-flex-start fusion-content-layout-column\" style=\"background-position:left top;background-repeat:no-repeat;-webkit-background-size:cover;-moz-background-size:cover;-o-background-size:cover;background-size:cover;padding: 0px 20px 0px 20px;\"><style type=\"text\/css\">@media only screen and (max-width:1024px) {.fusion-title.fusion-title-1{margin-top:0px!important; margin-right:0px!important;margin-bottom:15px!important;margin-left:0px!important;}}@media only screen and (max-width:767px) {.fusion-title.fusion-title-1{margin-top:10px!important; margin-right:0px!important;margin-bottom:10px!important; margin-left:0px!important;}}<\/style><div class=\"fusion-title title fusion-title-1 fusion-sep-none fusion-title-text fusion-title-size-one\" style=\"margin-top:0px;margin-right:0px;margin-bottom:15px;margin-left:0px;\"><h1 class=\"title-heading-left\" style=\"margin:0;color:#ffffff;\">Termos e condi\u00e7\u00f5es<\/h1><\/div><\/div><style type=\"text\/css\">.fusion-body .fusion-builder-column-1{width:50% !important;margin-top : 450px;margin-bottom : 0px;}.fusion-builder-column-1 > .fusion-column-wrapper {padding-top : 0px !important;padding-right : 20px !important;margin-right : 3.84%;padding-bottom : 0px !important;padding-left : 20px !important;margin-left : 3.84%;}@media only screen and (max-width:1024px) {.fusion-body .fusion-builder-column-1{width:50% !important;order : 0;}.fusion-builder-column-1 > .fusion-column-wrapper {margin-right : 3.84%;margin-left : 3.84%;}}@media only screen and (max-width:767px) {.fusion-body .fusion-builder-column-1{width:100% !important;order : 0;margin-top : -55px;}.fusion-builder-column-1 > .fusion-column-wrapper {margin-right : 1.92%;margin-left : 1.92%;}}<\/style><\/div><\/div><style type=\"text\/css\">.fusion-body .fusion-flex-container.fusion-builder-row-1{ padding-top : 0px;margin-top : 0px;padding-right : 0px;padding-bottom : 0px;margin-bottom : 0px;padding-left : 0px;min-height:1080px;}@media only screen and (max-width:767px) {.fusion-body .fusion-flex-container.fusion-builder-row-1{ padding-right : 0px;padding-left : 0px;min-height:0px;}}<\/style><\/div><div class=\"fusion-fullwidth fullwidth-box fusion-builder-row-2 fusion-flex-container nonhundred-percent-fullwidth non-hundred-percent-height-scrolling\" style=\"background-color: rgba(255,255,255,0);background-position: center center;background-repeat: no-repeat;border-width: 0px 0px 0px 0px;border-color:#e2e2e2;border-style:solid;\" ><div class=\"fusion-builder-row fusion-row fusion-flex-align-items-flex-start\" style=\"max-width:1248px;margin-left: calc(-4% \/ 2 );margin-right: calc(-4% \/ 2 );\"><div class=\"fusion-layout-column fusion_builder_column fusion-builder-column-2 fusion_builder_column_1_1 1_1 fusion-flex-column\"><div class=\"fusion-column-wrapper fusion-flex-justify-content-flex-start fusion-content-layout-column\" style=\"background-position:left top;background-repeat:no-repeat;-webkit-background-size:cover;-moz-background-size:cover;-o-background-size:cover;background-size:cover;padding: 0px 0px 0px 0px;\"><div class=\"fusion-text fusion-text-1 terms-conditions-text\"><p><strong>Aviso legal \/ Termos de utiliza\u00e7\u00e3o<\/strong><\/p>\n<p>Este website \u00e9 propriedade da <strong>RUELAS DIN\u00c2MICAS &#8211; Aluguer de Espa\u00e7os, Limitada<\/strong>, sociedade an\u00f3nima com o n\u00famero de identifica\u00e7\u00e3o fiscal e de pessoa colectiva 516397214, com sede na Rua das B\u00e9tulas, 63 Cx. P. 445Z &#8211; 8200-614 Guia, Albufeira, Portugal, com o capital social de \u20ac10.000,00 (doravante designada por &#8220;UCANSTORE&#8221;), sendo o seu conte\u00fado meramente informativo sobre os servi\u00e7os de aluguer de unidades de armazenagem prestados pela empresa. O facto de acederes a esta p\u00e1gina implica a aceita\u00e7\u00e3o dos seguintes termos e condi\u00e7\u00f5es de utiliza\u00e7\u00e3o.  <\/p>\n<p><strong>Altera\u00e7\u00e3o dos Termos de Utiliza\u00e7\u00e3o<\/strong><\/p>\n<p>A UCANSTORE reserva-se o direito de, a qualquer momento, sem necessidade de aviso pr\u00e9vio e com efeitos imediatos, alterar, acrescentar, atualizar ou eliminar, parcial ou totalmente, os presentes Termos de Utiliza\u00e7\u00e3o. Caso n\u00e3o concordes com alguma das regras de utiliza\u00e7\u00e3o, n\u00e3o dever\u00e1s utilizar o site. <\/p>\n<p><strong>Acesso ao s\u00edtio Web<\/strong><\/p>\n<p>O acesso ao site n\u00e3o est\u00e1 sujeito a registo. A UCANSTORE tem o direito exclusivo de, a todo o tempo, suspender, parcial ou totalmente, o acesso ao site, nomeadamente em opera\u00e7\u00f5es de gest\u00e3o, manuten\u00e7\u00e3o, repara\u00e7\u00e3o, altera\u00e7\u00e3o ou moderniza\u00e7\u00e3o e de fazer cessar, definitiva ou temporariamente, parcial ou totalmente, a todo o tempo, \u00e0 sua discri\u00e7\u00e3o, o site ou qualquer dos servi\u00e7os, sem aviso pr\u00e9vio. <\/p>\n<p><strong>Direitos de propriedade intelectual<\/strong><\/p>\n<p>Todos os direitos de utiliza\u00e7\u00e3o e de propriedade intelectual dos conte\u00fados deste site e do seu desenvolvimento gr\u00e1fico s\u00e3o propriedade exclusiva da UCANSTORE, bem como os direitos de utiliza\u00e7\u00e3o. Por conseguinte, a sua reprodu\u00e7\u00e3o, distribui\u00e7\u00e3o, comunica\u00e7\u00e3o p\u00fablica e modifica\u00e7\u00e3o, total ou parcial, sem o consentimento pr\u00e9vio da UCANSTORE, \u00e9 estritamente proibida. Da mesma forma, todos os sinais distintivos, marcas ou s\u00edmbolos contidos neste site est\u00e3o legalmente protegidos.  <\/p>\n<p><strong>Dados pessoais<\/strong><\/p>\n<p>A utiliza\u00e7\u00e3o deste site n\u00e3o implica necessariamente o fornecimento de dados pessoais. No entanto, caso pretendas solicitar pedidos de contacto e esclarecimento, apresentar uma reclama\u00e7\u00e3o, coment\u00e1rios ou sugest\u00f5es, efetuar futuros contactos comerciais, ter\u00e1s de nos fornecer alguns dados, como o teu nome, e-mail ou n\u00famero de telefone\/telem\u00f3vel, sendo os mesmos tratados no \u00e2mbito da finalidade indicada, de acordo com os pressupostos acima referidos, bem como de acordo com os requisitos regulamentares e legais aplic\u00e1veis. Para mais informa\u00e7\u00f5es sobre o tratamento dos teus dados pessoais efetuado pela UCANSTORE, consulta a Pol\u00edtica de Privacidade da UCANSTORE no seguinte link: www.ucanstore.pt  <\/p>\n<p><strong>Responsabilidade e garantias<\/strong><\/p>\n<p>O site foi desenvolvido tendo em conta os interesses dos nossos utilizadores. No entanto, a UCANSTORE n\u00e3o garante a atualidade da informa\u00e7\u00e3o disponibilizada, nem se responsabiliza pela utiliza\u00e7\u00e3o que dela possa ser feita, nem pela tomada de decis\u00f5es nela baseadas. A UCANSTORE tamb\u00e9m n\u00e3o se responsabiliza por erros que possam ocorrer devido a irregularidades do sistema, falhas (tempor\u00e1rias ou permanentes) do site, das aplica\u00e7\u00f5es ou de outras ferramentas. A UCANSTORE n\u00e3o poder\u00e1 ser responsabilizada por quaisquer danos resultantes da m\u00e1 utiliza\u00e7\u00e3o ou da impossibilidade de utiliza\u00e7\u00e3o do site.  <\/p>\n<p><strong>Conte\u00fado e liga\u00e7\u00f5es<\/strong><\/p>\n<p>A UCANSTORE n\u00e3o se responsabiliza pela utiliza\u00e7\u00e3o indevida dos conte\u00fados apresentados no seu site, sendo o utilizador o \u00fanico respons\u00e1vel. A UCANSTORE n\u00e3o assume qualquer responsabilidade pela informa\u00e7\u00e3o contida em p\u00e1ginas de outras entidades a que se possa aceder a partir de links que possam surgir no site www.ucanstore.pt. Estes sites n\u00e3o pertencem, n\u00e3o s\u00e3o operados nem controlados pela UCANSTORE, pelo que a UCANSTORE n\u00e3o se responsabiliza, aprova ou por qualquer forma apoia ou subscreve o conte\u00fado desses sites, nem dos sites com eles ligados ou neles referidos. Se a UCANSTORE verificar que a atividade ou as informa\u00e7\u00f5es prestadas por qualquer entidade associada aos referidos links s\u00e3o ilegais, ofensivas ou podem causar danos \u00e0 imagem ou s\u00e3o lesivas dos direitos de propriedade intelectual de terceiros, tomar\u00e1 as medidas necess\u00e1rias para suprimir ou desativar o respetivo link com a maior brevidade poss\u00edvel.  <\/p>\n<p><strong>Atualiza\u00e7\u00e3o e modifica\u00e7\u00e3o do s\u00edtio Web<\/strong><\/p>\n<p>A UCANSTORE reserva-se o direito de atualizar, modificar ou eliminar as informa\u00e7\u00f5es contidas neste site, bem como alterar a sua configura\u00e7\u00e3o, estrutura e apresenta\u00e7\u00e3o, a qualquer momento, sem aviso pr\u00e9vio.<\/p>\n<p><strong>Validade dos Termos e Utiliza\u00e7\u00e3o<\/strong><\/p>\n<p>Se qualquer parte ou disposi\u00e7\u00e3o dos presentes Termos de Utiliza\u00e7\u00e3o for inexequ\u00edvel ou estiver em conflito com a legisla\u00e7\u00e3o aplic\u00e1vel, a validade das restantes partes ou disposi\u00e7\u00f5es n\u00e3o ser\u00e1 afetada.<\/p>\n<p><strong>Perguntas<\/strong><\/p>\n<p>Em caso de d\u00favidas ou quest\u00f5es sobre os presentes Termos de Utiliza\u00e7\u00e3o, envia-nos o teu pedido de esclarecimento por e-mail para sintra@ucanstore.pt ou por carta para o endere\u00e7o da sede.<\/p>\n<p><strong>Direito aplic\u00e1vel<\/strong><\/p>\n<p>A lei portuguesa \u00e9 aplic\u00e1vel \u00e0 gest\u00e3o, administra\u00e7\u00e3o, utiliza\u00e7\u00e3o e aplica\u00e7\u00e3o dos Termos de Utiliza\u00e7\u00e3o do site, com exclus\u00e3o da lei de qualquer outro sistema jur\u00eddico.<\/p>\n<p><strong>F\u00f3rum competente<\/strong><\/p>\n<p>Para a resolu\u00e7\u00e3o de quaisquer quest\u00f5es e lit\u00edgios emergentes e inerentes aos presentes Termos e Condi\u00e7\u00f5es, \u00e9 exclusivamente competente o foro da comarca de Faro, com expressa ren\u00fancia a qualquer outro.<\/p>\n<\/div><\/div><style type=\"text\/css\">.fusion-body .fusion-builder-column-2{width:100% !important;margin-top : 0px;margin-bottom : 0px;}.fusion-builder-column-2 > .fusion-column-wrapper {padding-top : 0px !important;padding-right : 0px !important;margin-right : 1.92%;padding-bottom : 0px !important;padding-left : 0px !important;margin-left : 1.92%;}@media only screen and (max-width:1024px) {.fusion-body .fusion-builder-column-2{width:100% !important;order : 0;}.fusion-builder-column-2 > .fusion-column-wrapper {margin-right : 1.92%;margin-left : 1.92%;}}@media only screen and (max-width:767px) {.fusion-body .fusion-builder-column-2{width:100% !important;order : 0;}.fusion-builder-column-2 > .fusion-column-wrapper {margin-right : 1.92%;margin-left : 1.92%;}}<\/style><\/div><\/div><style type=\"text\/css\">.fusion-body .fusion-flex-container.fusion-builder-row-2{ padding-top : 0px;margin-top : 0px;padding-right : 0px;padding-bottom : 200px;margin-bottom : 0px;padding-left : 0px;}@media only screen and (max-width:1024px) {.fusion-body .fusion-flex-container.fusion-builder-row-2{ padding-bottom : 50px;}}<\/style><\/div><\/p>\n","protected":false},"excerpt":{"rendered":"","protected":false},"author":0,"featured_media":0,"parent":0,"menu_order":0,"comment_status":"closed","ping_status":"closed","template":"100-width.php","meta":{"content-type":"","footnotes":""},"class_list":["post-7589","page","type-page","status-publish","hentry"],"acf":[],"yoast_head":"<!-- This site is optimized with the Yoast SEO plugin v27.3 - https:\/\/yoast.com\/product\/yoast-seo-wordpress\/ -->\n<title>Termos e condi\u00e7\u00f5es - U Can Store<\/title>\n<meta name=\"robots\" content=\"noindex, follow, max-snippet:-1, max-image-preview:large, max-video-preview:-1\" \/>\n<meta property=\"og:locale\" content=\"pt_PT\" \/>\n<meta property=\"og:type\" content=\"article\" \/>\n<meta property=\"og:title\" content=\"Termos e condi\u00e7\u00f5es - U Can Store\" \/>\n<meta property=\"og:url\" content=\"https:\/\/ucanstorept.r6d.dev\/pt-pt\/termos-e-condicoes\/\" \/>\n<meta property=\"og:site_name\" content=\"U Can Store\" \/>\n<meta property=\"article:modified_time\" content=\"2024-10-09T05:05:18+00:00\" \/>\n<meta name=\"twitter:card\" content=\"summary_large_image\" \/>\n<meta name=\"twitter:label1\" content=\"Tempo estimado de leitura\" \/>\n\t<meta name=\"twitter:data1\" content=\"13 minutos\" \/>\n<script type=\"application\/ld+json\" class=\"yoast-schema-graph\">{\"@context\":\"https:\\\/\\\/schema.org\",\"@graph\":[{\"@type\":\"WebPage\",\"@id\":\"https:\\\/\\\/ucanstorept.r6d.dev\\\/pt-pt\\\/termos-e-condicoes\\\/\",\"url\":\"https:\\\/\\\/ucanstorept.r6d.dev\\\/pt-pt\\\/termos-e-condicoes\\\/\",\"name\":\"Termos e condi\u00e7\u00f5es - U Can Store\",\"isPartOf\":{\"@id\":\"https:\\\/\\\/ucanstorept.r6d.dev\\\/pt-pt\\\/#website\"},\"datePublished\":\"2021-11-16T05:02:54+00:00\",\"dateModified\":\"2024-10-09T05:05:18+00:00\",\"breadcrumb\":{\"@id\":\"https:\\\/\\\/ucanstorept.r6d.dev\\\/pt-pt\\\/termos-e-condicoes\\\/#breadcrumb\"},\"inLanguage\":\"pt-PT\",\"potentialAction\":[{\"@type\":\"ReadAction\",\"target\":[\"https:\\\/\\\/ucanstorept.r6d.dev\\\/pt-pt\\\/termos-e-condicoes\\\/\"]}]},{\"@type\":\"BreadcrumbList\",\"@id\":\"https:\\\/\\\/ucanstorept.r6d.dev\\\/pt-pt\\\/termos-e-condicoes\\\/#breadcrumb\",\"itemListElement\":[{\"@type\":\"ListItem\",\"position\":1,\"name\":\"Home\",\"item\":\"https:\\\/\\\/ucanstorept.r6d.dev\\\/pt-pt\\\/\"},{\"@type\":\"ListItem\",\"position\":2,\"name\":\"Termos e condi\u00e7\u00f5es\"}]},{\"@type\":\"WebSite\",\"@id\":\"https:\\\/\\\/ucanstorept.r6d.dev\\\/pt-pt\\\/#website\",\"url\":\"https:\\\/\\\/ucanstorept.r6d.dev\\\/pt-pt\\\/\",\"name\":\"U Can Store\",\"description\":\"Just another WordPress site\",\"potentialAction\":[{\"@type\":\"SearchAction\",\"target\":{\"@type\":\"EntryPoint\",\"urlTemplate\":\"https:\\\/\\\/ucanstorept.r6d.dev\\\/pt-pt\\\/?s={search_term_string}\"},\"query-input\":{\"@type\":\"PropertyValueSpecification\",\"valueRequired\":true,\"valueName\":\"search_term_string\"}}],\"inLanguage\":\"pt-PT\"}]}<\/script>\n<!-- \/ Yoast SEO plugin. -->","yoast_head_json":{"title":"Termos e condi\u00e7\u00f5es - U Can Store","robots":{"index":"noindex","follow":"follow","max-snippet":"max-snippet:-1","max-image-preview":"max-image-preview:large","max-video-preview":"max-video-preview:-1"},"og_locale":"pt_PT","og_type":"article","og_title":"Termos e condi\u00e7\u00f5es - U Can Store","og_url":"https:\/\/ucanstorept.r6d.dev\/pt-pt\/termos-e-condicoes\/","og_site_name":"U Can Store","article_modified_time":"2024-10-09T05:05:18+00:00","twitter_card":"summary_large_image","twitter_misc":{"Tempo estimado de leitura":"13 minutos"},"schema":{"@context":"https:\/\/schema.org","@graph":[{"@type":"WebPage","@id":"https:\/\/ucanstorept.r6d.dev\/pt-pt\/termos-e-condicoes\/","url":"https:\/\/ucanstorept.r6d.dev\/pt-pt\/termos-e-condicoes\/","name":"Termos e condi\u00e7\u00f5es - U Can Store","isPartOf":{"@id":"https:\/\/ucanstorept.r6d.dev\/pt-pt\/#website"},"datePublished":"2021-11-16T05:02:54+00:00","dateModified":"2024-10-09T05:05:18+00:00","breadcrumb":{"@id":"https:\/\/ucanstorept.r6d.dev\/pt-pt\/termos-e-condicoes\/#breadcrumb"},"inLanguage":"pt-PT","potentialAction":[{"@type":"ReadAction","target":["https:\/\/ucanstorept.r6d.dev\/pt-pt\/termos-e-condicoes\/"]}]},{"@type":"BreadcrumbList","@id":"https:\/\/ucanstorept.r6d.dev\/pt-pt\/termos-e-condicoes\/#breadcrumb","itemListElement":[{"@type":"ListItem","position":1,"name":"Home","item":"https:\/\/ucanstorept.r6d.dev\/pt-pt\/"},{"@type":"ListItem","position":2,"name":"Termos e condi\u00e7\u00f5es"}]},{"@type":"WebSite","@id":"https:\/\/ucanstorept.r6d.dev\/pt-pt\/#website","url":"https:\/\/ucanstorept.r6d.dev\/pt-pt\/","name":"U Can Store","description":"Just another WordPress site","potentialAction":[{"@type":"SearchAction","target":{"@type":"EntryPoint","urlTemplate":"https:\/\/ucanstorept.r6d.dev\/pt-pt\/?s={search_term_string}"},"query-input":{"@type":"PropertyValueSpecification","valueRequired":true,"valueName":"search_term_string"}}],"inLanguage":"pt-PT"}]}},"_links":{"self":[{"href":"https:\/\/ucanstorept.r6d.dev\/pt-pt\/wp-json\/wp\/v2\/pages\/7589","targetHints":{"allow":["GET"]}}],"collection":[{"href":"https:\/\/ucanstorept.r6d.dev\/pt-pt\/wp-json\/wp\/v2\/pages"}],"about":[{"href":"https:\/\/ucanstorept.r6d.dev\/pt-pt\/wp-json\/wp\/v2\/types\/page"}],"replies":[{"embeddable":true,"href":"https:\/\/ucanstorept.r6d.dev\/pt-pt\/wp-json\/wp\/v2\/comments?post=7589"}],"version-history":[{"count":3,"href":"https:\/\/ucanstorept.r6d.dev\/pt-pt\/wp-json\/wp\/v2\/pages\/7589\/revisions"}],"predecessor-version":[{"id":7592,"href":"https:\/\/ucanstorept.r6d.dev\/pt-pt\/wp-json\/wp\/v2\/pages\/7589\/revisions\/7592"}],"wp:attachment":[{"href":"https:\/\/ucanstorept.r6d.dev\/pt-pt\/wp-json\/wp\/v2\/media?parent=7589"}],"curies":[{"name":"wp","href":"https:\/\/api.w.org\/{rel}","templated":true}]}}