
{"id":7652,"date":"2022-05-27T12:33:42","date_gmt":"2022-05-27T02:33:42","guid":{"rendered":"https:\/\/ucanstorept.r6d.dev\/politica-de-privacidade\/"},"modified":"2024-11-07T10:48:24","modified_gmt":"2024-11-07T00:48:24","slug":"politica-de-privacidade","status":"publish","type":"page","link":"https:\/\/ucanstorept.r6d.dev\/pt-pt\/politica-de-privacidade\/","title":{"rendered":"Pol\u00edtica de privacidade"},"content":{"rendered":"<p><div class=\"fusion-fullwidth fullwidth-box fusion-builder-row-1 fusion-flex-container terms-banner about_banner_section main_banner_section nonhundred-percent-fullwidth non-hundred-percent-height-scrolling\" style=\"background-color: #32689b;background-position: left center;background-repeat: no-repeat;background-blend-mode: multiply;border-width: 0px 0px 0px 0px;border-color:#e2e2e2;border-style:solid;\" ><div class=\"fusion-builder-row fusion-row fusion-flex-align-items-flex-start fusion-flex-align-content-flex-start\" style=\"max-width:1248px;margin-left: calc(-4% \/ 2 );margin-right: calc(-4% \/ 2 );\"><div class=\"fusion-layout-column fusion_builder_column fusion-builder-column-0 fusion_builder_column_1_2 1_2 fusion-flex-column terms-page-title\"><div class=\"fusion-column-wrapper fusion-flex-justify-content-flex-start fusion-content-layout-column\" style=\"background-position:left top;background-repeat:no-repeat;-webkit-background-size:cover;-moz-background-size:cover;-o-background-size:cover;background-size:cover;padding: 0px 20px 0px 20px;\"><style type=\"text\/css\">@media only screen and (max-width:1024px) {.fusion-title.fusion-title-1{margin-top:0px!important; margin-right:0px!important;margin-bottom:15px!important;margin-left:0px!important;}}@media only screen and (max-width:767px) {.fusion-title.fusion-title-1{margin-top:10px!important; margin-right:0px!important;margin-bottom:10px!important; margin-left:0px!important;}}<\/style><div class=\"fusion-title title fusion-title-1 fusion-sep-none fusion-title-text fusion-title-size-one\" style=\"margin-top:0px;margin-right:0px;margin-bottom:15px;margin-left:0px;\"><h1 class=\"title-heading-left\" style=\"margin:0;color:#ffffff;\">Pol\u00edtica de privacidade<\/h1><\/div><\/div><style type=\"text\/css\">.fusion-body .fusion-builder-column-0{width:50% !important;margin-top : 0px;margin-bottom : 0px;}.fusion-builder-column-0 > .fusion-column-wrapper {padding-top : 0px !important;padding-right : 20px !important;margin-right : 3.84%;padding-bottom : 0px !important;padding-left : 20px !important;margin-left : 3.84%;}@media only screen and (max-width:1024px) {.fusion-body .fusion-builder-column-0{width:50% !important;order : 0;}.fusion-builder-column-0 > .fusion-column-wrapper {margin-right : 3.84%;margin-left : 3.84%;}}@media only screen and (max-width:767px) {.fusion-body .fusion-builder-column-0{width:100% !important;order : 0;margin-top : -55px;}.fusion-builder-column-0 > .fusion-column-wrapper {margin-right : 1.92%;margin-left : 1.92%;}}<\/style><\/div><\/div><style type=\"text\/css\">.fusion-body .fusion-flex-container.fusion-builder-row-1{ padding-top : 80px;margin-top : 0px;padding-right : 0px;padding-bottom : 80px;margin-bottom : 0px;padding-left : 0px;}@media only screen and (max-width:767px) {.fusion-body .fusion-flex-container.fusion-builder-row-1{ padding-right : 0px;padding-left : 0px;}}<\/style><\/div><div class=\"fusion-fullwidth fullwidth-box fusion-builder-row-2 fusion-flex-container nonhundred-percent-fullwidth non-hundred-percent-height-scrolling\" style=\"background-color: rgba(255,255,255,0);background-position: center center;background-repeat: no-repeat;border-width: 0px 0px 0px 0px;border-color:#e2e2e2;border-style:solid;\" ><div class=\"fusion-builder-row fusion-row fusion-flex-align-items-flex-start\" style=\"max-width:1248px;margin-left: calc(-4% \/ 2 );margin-right: calc(-4% \/ 2 );\"><div class=\"fusion-layout-column fusion_builder_column fusion-builder-column-1 fusion_builder_column_1_1 1_1 fusion-flex-column\"><div class=\"fusion-column-wrapper fusion-flex-justify-content-flex-start fusion-content-layout-column\" style=\"background-position:left top;background-repeat:no-repeat;-webkit-background-size:cover;-moz-background-size:cover;-o-background-size:cover;background-size:cover;padding: 0px 0px 0px 0px;\"><div class=\"fusion-text fusion-text-1 terms-conditions-text\"><p><strong>Pol\u00edtica de privacidade<\/strong><\/p>\n<p>Bem-vindo ao site UCANSTORE.PT, propriedade e gerido pela sociedade comercial &#8220;<strong>Ruelas Din\u00e2micas &#8211; Aluguer de Espa\u00e7os, Limitada<\/strong>&#8220;, tamb\u00e9m conhecida por UCANSTORE. O &#8220;website&#8221; UCANSTORE.PT est\u00e1 empenhado em proteger a privacidade do utilizador e em desenvolver t\u00e9cnicas para lhe proporcionar uma experi\u00eancia segura e agrad\u00e1vel. Esta declara\u00e7\u00e3o de privacidade aplica-se ao website e \u00e0 utiliza\u00e7\u00e3o dos dados pessoais recolhidos. Ao utilizar o website, est\u00e1s a concordar com as pr\u00e1ticas descritas nesta declara\u00e7\u00e3o.   <\/p>\n<p><strong>Recolha de informa\u00e7\u00f5es pessoais<\/strong><\/p>\n<p>O s\u00edtio Web recolhe informa\u00e7\u00f5es pessoais, tais como: o teu endere\u00e7o de correio eletr\u00f3nico, o teu nome, a tua morada, o teu pa\u00eds e o teu n\u00famero de telefone. Tamb\u00e9m recolhemos informa\u00e7\u00f5es demogr\u00e1ficas variadas e an\u00f3nimas, como o teu c\u00f3digo postal, idade, sexo e interesses favoritos. Existe informa\u00e7\u00e3o sobre o teu computador, tanto de hardware como de software, que \u00e9 recolhida automaticamente pelo site. Estas informa\u00e7\u00f5es podem incluir: o teu endere\u00e7o IP, tipo de browser, nomes de dom\u00ednio, tempos de acesso e os endere\u00e7os dos sites de refer\u00eancia. Estas informa\u00e7\u00f5es s\u00e3o utilizadas pelo s\u00edtio Web para cumprir as obriga\u00e7\u00f5es legais e contratuais, para garantir a qualidade do servi\u00e7o e para obter estat\u00edsticas gerais sobre a utiliza\u00e7\u00e3o do s\u00edtio Web. Tem em aten\u00e7\u00e3o que se forneceres dados pessoais diretamente ou informa\u00e7\u00f5es sens\u00edveis atrav\u00e9s de mensagens p\u00fablicas no s\u00edtio Web, estas informa\u00e7\u00f5es podem ser recolhidas e utilizadas por terceiros. Nota: o s\u00edtio n\u00e3o recolhe quaisquer informa\u00e7\u00f5es privadas atrav\u00e9s de comunica\u00e7\u00f5es online. O s\u00edtio convida-te a rever esta declara\u00e7\u00e3o de privacidade para compreenderes como este s\u00edtio recolhe e trata a informa\u00e7\u00e3o pessoal. O s\u00edtio Web n\u00e3o \u00e9 respons\u00e1vel pelas declara\u00e7\u00f5es de privacidade dos s\u00edtios Web de onde prov\u00e9ns ou para onde vais a partir deste s\u00edtio Web ou da sua fam\u00edlia de s\u00edtios Web. <\/p>\n<p><strong>Utiliza\u00e7\u00e3o das tuas informa\u00e7\u00f5es pessoais<\/strong><\/p>\n<p>Recolhemos e utilizamos as tuas informa\u00e7\u00f5es pessoais para gerir este s\u00edtio Web e prestar-te um servi\u00e7o de qualidade. O s\u00edtio Web tamb\u00e9m utiliza esta informa\u00e7\u00e3o para te dar a conhecer produtos e\/ou servi\u00e7os dispon\u00edveis no s\u00edtio Web e nos seus afiliados. O site pode tamb\u00e9m contactar-te atrav\u00e9s de inqu\u00e9ritos sobre a tua opini\u00e3o de servi\u00e7os actuais ou futuros a serem disponibilizados. O site n\u00e3o vende, aluga ou disponibiliza as tuas informa\u00e7\u00f5es a terceiros, mas pode, ocasionalmente, contactar-te a pedido de outras entidades para te oferecer informa\u00e7\u00f5es ou servi\u00e7os que possam ser do teu interesse. Mesmo nestas situa\u00e7\u00f5es, os teus dados n\u00e3o ser\u00e3o disponibilizados a terceiros. Todas estas entidades estar\u00e3o proibidas de utilizar a tua informa\u00e7\u00e3o para qualquer outro fim, que n\u00e3o seja aquele que nos foi solicitado pelo site, e estar\u00e3o obrigadas a total sigilo no tratamento dessa informa\u00e7\u00e3o.O site n\u00e3o utiliza nem recolhe qualquer informa\u00e7\u00e3o de car\u00e1cter racial, religioso, sexual ou pol\u00edtico sem o teu consentimento expresso.O site armazena informa\u00e7\u00e3o sobre os sites e p\u00e1ginas visitadas de forma a determinar os servi\u00e7os e informa\u00e7\u00f5es mais populares. Esta informa\u00e7\u00e3o \u00e9 utilizada para apresentar conte\u00fados publicit\u00e1rios mais adequados ao teu perfil.Os respons\u00e1veis pelo website apenas disponibilizar\u00e3o a tua informa\u00e7\u00e3o pessoal, sem o teu consentimento, se tal for exigido por lei ou por um tribunal competente.  <\/p>\n<p><strong>Utiliza\u00e7\u00e3o de cookies<\/strong><\/p>\n<p>O site utiliza &#8220;cookies&#8221;, de forma limitada, para ajudar a personalizar o conte\u00fado e a tua experi\u00eancia online.Os cookies s\u00e3o pequenos ficheiros que cont\u00eam informa\u00e7\u00f5es que um site utiliza para acompanhar a visita de um utilizador. Um dos principais objectivos dos cookies \u00e9 proporcionar-te uma forma de poupares tempo, por exemplo, informando o servidor que est\u00e1s a regressar a uma p\u00e1gina e n\u00e3o a visit\u00e1-la pela primeira vez, simplificando assim todo o processo e tornando a apresenta\u00e7\u00e3o da informa\u00e7\u00e3o mais eficiente. A maioria dos browsers aceita automaticamente os cookies, mas podes facilmente alterar essa op\u00e7\u00e3o. Se o fizeres, poder\u00e1s n\u00e3o ter uma experi\u00eancia t\u00e3o eficaz quando visitares o nosso s\u00edtio Web e n\u00e3o poder\u00e1s tirar partido das possibilidades interactivas do s\u00edtio Web.   <\/p>\n<p><strong>Seguran\u00e7a das tuas informa\u00e7\u00f5es<\/strong><\/p>\n<p>O site garante a seguran\u00e7a das tuas informa\u00e7\u00f5es utilizando as t\u00e9cnicas mais avan\u00e7adas de controlo e acesso ao servidor. Se existirem informa\u00e7\u00f5es muito sens\u00edveis, como o n\u00famero de um cart\u00e3o de cr\u00e9dito, estas s\u00f3 devem ser utilizadas com um servidor seguro que utilize o protocolo Secure Socket Layer (SSL), nunca de outra forma. <\/p>\n<p><strong>Altera\u00e7\u00f5es a esta Declara\u00e7\u00e3o<\/strong><\/p>\n<p>O s\u00edtio Web pode ocasionalmente modificar unilateralmente esta declara\u00e7\u00e3o para refletir a linha de a\u00e7\u00e3o da entidade que o gere. Por isso, convidamos-te a rever regularmente esta declara\u00e7\u00e3o. <\/p>\n<\/div><\/div><style type=\"text\/css\">.fusion-body .fusion-builder-column-1{width:100% !important;margin-top : 0px;margin-bottom : 0px;}.fusion-builder-column-1 > .fusion-column-wrapper {padding-top : 0px !important;padding-right : 0px !important;margin-right : 1.92%;padding-bottom : 0px !important;padding-left : 0px !important;margin-left : 1.92%;}@media only screen and (max-width:1024px) {.fusion-body .fusion-builder-column-1{width:100% !important;order : 0;}.fusion-builder-column-1 > .fusion-column-wrapper {margin-right : 1.92%;margin-left : 1.92%;}}@media only screen and (max-width:767px) {.fusion-body .fusion-builder-column-1{width:100% !important;order : 0;}.fusion-builder-column-1 > .fusion-column-wrapper {margin-right : 1.92%;margin-left : 1.92%;}}<\/style><\/div><\/div><style type=\"text\/css\">.fusion-body .fusion-flex-container.fusion-builder-row-2{ padding-top : 80px;margin-top : 0px;padding-right : 0px;padding-bottom : 200px;margin-bottom : 0px;padding-left : 0px;}@media only screen and (max-width:1024px) {.fusion-body .fusion-flex-container.fusion-builder-row-2{ padding-bottom : 50px;}}<\/style><\/div><\/p>\n","protected":false},"excerpt":{"rendered":"","protected":false},"author":29,"featured_media":0,"parent":0,"menu_order":0,"comment_status":"closed","ping_status":"closed","template":"100-width.php","meta":{"content-type":"","footnotes":""},"class_list":["post-7652","page","type-page","status-publish","hentry"],"acf":[],"yoast_head":"<!-- This site is optimized with the Yoast SEO plugin v27.3 - https:\/\/yoast.com\/product\/yoast-seo-wordpress\/ -->\n<title>Pol\u00edtica de privacidade - U Can Store<\/title>\n<meta name=\"robots\" content=\"noindex, follow, max-snippet:-1, max-image-preview:large, max-video-preview:-1\" \/>\n<meta property=\"og:locale\" content=\"pt_PT\" \/>\n<meta property=\"og:type\" content=\"article\" \/>\n<meta property=\"og:title\" content=\"Pol\u00edtica de privacidade - U Can Store\" \/>\n<meta property=\"og:url\" content=\"https:\/\/ucanstorept.r6d.dev\/pt-pt\/politica-de-privacidade\/\" \/>\n<meta property=\"og:site_name\" content=\"U Can Store\" \/>\n<meta property=\"article:modified_time\" content=\"2024-11-07T00:48:24+00:00\" \/>\n<meta name=\"twitter:card\" content=\"summary_large_image\" \/>\n<meta name=\"twitter:label1\" content=\"Tempo estimado de leitura\" \/>\n\t<meta name=\"twitter:data1\" content=\"11 minutos\" \/>\n<script type=\"application\/ld+json\" class=\"yoast-schema-graph\">{\"@context\":\"https:\\\/\\\/schema.org\",\"@graph\":[{\"@type\":\"WebPage\",\"@id\":\"https:\\\/\\\/ucanstorept.r6d.dev\\\/pt-pt\\\/politica-de-privacidade\\\/\",\"url\":\"https:\\\/\\\/ucanstorept.r6d.dev\\\/pt-pt\\\/politica-de-privacidade\\\/\",\"name\":\"Pol\u00edtica de privacidade - U Can Store\",\"isPartOf\":{\"@id\":\"https:\\\/\\\/ucanstorept.r6d.dev\\\/pt-pt\\\/#website\"},\"datePublished\":\"2022-05-27T02:33:42+00:00\",\"dateModified\":\"2024-11-07T00:48:24+00:00\",\"breadcrumb\":{\"@id\":\"https:\\\/\\\/ucanstorept.r6d.dev\\\/pt-pt\\\/politica-de-privacidade\\\/#breadcrumb\"},\"inLanguage\":\"pt-PT\",\"potentialAction\":[{\"@type\":\"ReadAction\",\"target\":[\"https:\\\/\\\/ucanstorept.r6d.dev\\\/pt-pt\\\/politica-de-privacidade\\\/\"]}]},{\"@type\":\"BreadcrumbList\",\"@id\":\"https:\\\/\\\/ucanstorept.r6d.dev\\\/pt-pt\\\/politica-de-privacidade\\\/#breadcrumb\",\"itemListElement\":[{\"@type\":\"ListItem\",\"position\":1,\"name\":\"Home\",\"item\":\"https:\\\/\\\/ucanstorept.r6d.dev\\\/pt-pt\\\/\"},{\"@type\":\"ListItem\",\"position\":2,\"name\":\"Pol\u00edtica de privacidade\"}]},{\"@type\":\"WebSite\",\"@id\":\"https:\\\/\\\/ucanstorept.r6d.dev\\\/pt-pt\\\/#website\",\"url\":\"https:\\\/\\\/ucanstorept.r6d.dev\\\/pt-pt\\\/\",\"name\":\"U Can Store\",\"description\":\"Just another WordPress site\",\"potentialAction\":[{\"@type\":\"SearchAction\",\"target\":{\"@type\":\"EntryPoint\",\"urlTemplate\":\"https:\\\/\\\/ucanstorept.r6d.dev\\\/pt-pt\\\/?s={search_term_string}\"},\"query-input\":{\"@type\":\"PropertyValueSpecification\",\"valueRequired\":true,\"valueName\":\"search_term_string\"}}],\"inLanguage\":\"pt-PT\"}]}<\/script>\n<!-- \/ Yoast SEO plugin. -->","yoast_head_json":{"title":"Pol\u00edtica de privacidade - U Can Store","robots":{"index":"noindex","follow":"follow","max-snippet":"max-snippet:-1","max-image-preview":"max-image-preview:large","max-video-preview":"max-video-preview:-1"},"og_locale":"pt_PT","og_type":"article","og_title":"Pol\u00edtica de privacidade - U Can Store","og_url":"https:\/\/ucanstorept.r6d.dev\/pt-pt\/politica-de-privacidade\/","og_site_name":"U Can Store","article_modified_time":"2024-11-07T00:48:24+00:00","twitter_card":"summary_large_image","twitter_misc":{"Tempo estimado de leitura":"11 minutos"},"schema":{"@context":"https:\/\/schema.org","@graph":[{"@type":"WebPage","@id":"https:\/\/ucanstorept.r6d.dev\/pt-pt\/politica-de-privacidade\/","url":"https:\/\/ucanstorept.r6d.dev\/pt-pt\/politica-de-privacidade\/","name":"Pol\u00edtica de privacidade - U Can Store","isPartOf":{"@id":"https:\/\/ucanstorept.r6d.dev\/pt-pt\/#website"},"datePublished":"2022-05-27T02:33:42+00:00","dateModified":"2024-11-07T00:48:24+00:00","breadcrumb":{"@id":"https:\/\/ucanstorept.r6d.dev\/pt-pt\/politica-de-privacidade\/#breadcrumb"},"inLanguage":"pt-PT","potentialAction":[{"@type":"ReadAction","target":["https:\/\/ucanstorept.r6d.dev\/pt-pt\/politica-de-privacidade\/"]}]},{"@type":"BreadcrumbList","@id":"https:\/\/ucanstorept.r6d.dev\/pt-pt\/politica-de-privacidade\/#breadcrumb","itemListElement":[{"@type":"ListItem","position":1,"name":"Home","item":"https:\/\/ucanstorept.r6d.dev\/pt-pt\/"},{"@type":"ListItem","position":2,"name":"Pol\u00edtica de privacidade"}]},{"@type":"WebSite","@id":"https:\/\/ucanstorept.r6d.dev\/pt-pt\/#website","url":"https:\/\/ucanstorept.r6d.dev\/pt-pt\/","name":"U Can Store","description":"Just another WordPress site","potentialAction":[{"@type":"SearchAction","target":{"@type":"EntryPoint","urlTemplate":"https:\/\/ucanstorept.r6d.dev\/pt-pt\/?s={search_term_string}"},"query-input":{"@type":"PropertyValueSpecification","valueRequired":true,"valueName":"search_term_string"}}],"inLanguage":"pt-PT"}]}},"_links":{"self":[{"href":"https:\/\/ucanstorept.r6d.dev\/pt-pt\/wp-json\/wp\/v2\/pages\/7652","targetHints":{"allow":["GET"]}}],"collection":[{"href":"https:\/\/ucanstorept.r6d.dev\/pt-pt\/wp-json\/wp\/v2\/pages"}],"about":[{"href":"https:\/\/ucanstorept.r6d.dev\/pt-pt\/wp-json\/wp\/v2\/types\/page"}],"author":[{"embeddable":true,"href":"https:\/\/ucanstorept.r6d.dev\/pt-pt\/wp-json\/wp\/v2\/users\/29"}],"replies":[{"embeddable":true,"href":"https:\/\/ucanstorept.r6d.dev\/pt-pt\/wp-json\/wp\/v2\/comments?post=7652"}],"version-history":[{"count":6,"href":"https:\/\/ucanstorept.r6d.dev\/pt-pt\/wp-json\/wp\/v2\/pages\/7652\/revisions"}],"predecessor-version":[{"id":8067,"href":"https:\/\/ucanstorept.r6d.dev\/pt-pt\/wp-json\/wp\/v2\/pages\/7652\/revisions\/8067"}],"wp:attachment":[{"href":"https:\/\/ucanstorept.r6d.dev\/pt-pt\/wp-json\/wp\/v2\/media?parent=7652"}],"curies":[{"name":"wp","href":"https:\/\/api.w.org\/{rel}","templated":true}]}}